{"id":1044,"date":"2025-07-07T16:27:04","date_gmt":"2025-07-07T14:27:04","guid":{"rendered":"https:\/\/new.klgp.ch\/startseite\/"},"modified":"2025-10-03T07:23:05","modified_gmt":"2025-10-03T05:23:05","slug":"startseite","status":"publish","type":"page","link":"https:\/\/new.klgp.ch\/en\/","title":{"rendered":"Home"},"content":{"rendered":"","protected":false},"excerpt":{"rendered":"","protected":false},"author":1,"featured_media":0,"parent":0,"menu_order":1,"comment_status":"closed","ping_status":"closed","template":"page_flexible.php","meta":{"_acf_changed":false,"footnotes":"","_wp_rev_ctl_limit":""},"class_list":["post-1044","page","type-page","status-publish","hentry"],"acf":{"flexible":[{"acf_fc_layout":"hero_home_v2","titel":"Seit 1974 engagiert f\u00fcr Ihr Recht.","foto_1":611,"foto_2":613,"link-text":"Zum Unternehmen","link":"https:\/\/new.klgp.ch\/unternehmen\/","abstand":"mb-lg"},{"acf_fc_layout":"iconslider","slider":[{"foto":1033,"titel":"Konstanz, aber \u2028zeitgem\u00e4ss","text":"Seit \u00fcber 50 Jahren stehen wir f\u00fcr Best\u00e4ndigkeit und Verl\u00e4sslichkeit \u2013 mit modernster Infrastruktur und digitalen Tools f\u00fcr Klienten wie Mitarbeitende. ","button-text":"Wir sind f\u00fcr Sie da","button-link":"https:\/\/new.klgp.ch\/unternehmen\/"},{"foto":878,"titel":"Teamkompetenz","text":"Unser Anwaltsteam entwickelt gemeinsam Strategien: Bis zu 20 Jurist:innen b\u00fcndeln Erfahrung und Perspektiven \u2013 f\u00fcr L\u00f6sungen, die individuell sind und keine Mehrkosten verursachen.","button-text":"Wir sind f\u00fcr Sie da","button-link":"https:\/\/new.klgp.ch\/unternehmen\/"},{"foto":880,"titel":"Fachkompetenz","text":"Wir bilden seit Generationen Anw\u00e4ltinnen und Anw\u00e4lte aus und f\u00f6rdern kontinuierliche Weiterbildung \u2013 f\u00fcr h\u00f6chste Fachkompetenz zu Ihrem Vorteil.","button-text":"Wir sind f\u00fcr Sie da","button-link":"https:\/\/new.klgp.ch\/unternehmen\/"},{"foto":1030,"titel":"Gr\u00f6sse","text":"Ein Partner f\u00fcr alle rechtlichen Fragen \u2013 schnell, zuverl\u00e4ssig und effektiv. Mit unserem breiten Team haben Sie stets die richtige Ansprechperson. ","button-text":"Wir sind f\u00fcr Sie da","button-link":"https:\/\/new.klgp.ch\/unternehmen\/"}],"abstand":"mb-md"},{"acf_fc_layout":"magazin_swiper","blocktitel":"Magazin","link_text":"Zum Magazin","link":"https:\/\/new.klgp.ch\/magazin\/","abstand":"mb-none"},{"acf_fc_layout":"erfahren_sie_mehr","blocktitel":"Erfahren Sie mehr","links":[{"link-text":"Rechtsberatung","link":"https:\/\/new.klgp.ch\/rechtsberatung\/","foto":663},{"link-text":"Notariat","link":"https:\/\/new.klgp.ch\/notariat\/","foto":665},{"link-text":"Unternehmen","link":"https:\/\/new.klgp.ch\/unternehmen\/","foto":667},{"link-text":"Team","link":"https:\/\/new.klgp.ch\/team\/","foto":669}],"abstand":"mb-none"},{"acf_fc_layout":"einzelfoto","foto":617,"abstand":"mb-none"}],"hintergrundfarbe_der_seite":"bg-weiss"},"_links":{"self":[{"href":"https:\/\/new.klgp.ch\/en\/wp-json\/wp\/v2\/pages\/1044","targetHints":{"allow":["GET"]}}],"collection":[{"href":"https:\/\/new.klgp.ch\/en\/wp-json\/wp\/v2\/pages"}],"about":[{"href":"https:\/\/new.klgp.ch\/en\/wp-json\/wp\/v2\/types\/page"}],"author":[{"embeddable":true,"href":"https:\/\/new.klgp.ch\/en\/wp-json\/wp\/v2\/users\/1"}],"replies":[{"embeddable":true,"href":"https:\/\/new.klgp.ch\/en\/wp-json\/wp\/v2\/comments?post=1044"}],"version-history":[{"count":1,"href":"https:\/\/new.klgp.ch\/en\/wp-json\/wp\/v2\/pages\/1044\/revisions"}],"predecessor-version":[{"id":1045,"href":"https:\/\/new.klgp.ch\/en\/wp-json\/wp\/v2\/pages\/1044\/revisions\/1045"}],"wp:attachment":[{"href":"https:\/\/new.klgp.ch\/en\/wp-json\/wp\/v2\/media?parent=1044"}],"curies":[{"name":"wp","href":"https:\/\/api.w.org\/{rel}","templated":true}]}}